{"id":23371,"date":"2022-10-20T03:03:56","date_gmt":"2022-10-20T03:03:56","guid":{"rendered":"https:\/\/elisen.com\/contact\/"},"modified":"2025-02-12T03:56:21","modified_gmt":"2025-02-12T03:56:21","slug":"contact","status":"publish","type":"page","link":"https:\/\/elisen.com\/fr\/contact\/","title":{"rendered":"Contact"},"content":{"rendered":"<div class=\"wpb-content-wrapper\"><section data-vc-full-width=\"true\" data-vc-full-width-init=\"false\" data-vc-stretch-content=\"true\" class=\"vc_row wpb_row vc_row-fluid  vc_custom_1666818925046 fix-background bg-position-left-top vc_row-has-fill pofo-stretch-content vc_row-no-padding vc_row-o-content-top vc_row-flex\" style=\"min-height: 400px;\"><div class=\"wpb_column vc_column_container vc_col-sm-12  col-xs-mobile-fullwidth\"><div class=\"vc_column-inner \"><div class=\"wpb_wrapper\"><div id=\"pofo-image-slider-1\" class=\"swiper-container width-100 height-100 pofo-image-style3 pofo-image-slider-1  white-move pofo-slider3 pofo-slider3-1\" data-slider-options=\"{&quot;keyboard&quot;:true,&quot;slidesPerView&quot;:1,&quot;autoplay&quot;:false,&quot;effect&quot;:&quot;fade&quot;,&quot;fadeEffect&quot;:{&quot;crossFade&quot;:true}}\"><div class=\"swiper-wrapper\"><div class=\"swiper-slide cover-background bg-image-srcset\" style=\"background-image:url(https:\/\/i0.wp.com\/elisen.com\/wp-content\/uploads\/2022\/10\/Group-74.png?fit=1440%2C608&ssl=1)\" data-bg-srcset=\"https:\/\/i0.wp.com\/elisen.com\/wp-content\/uploads\/2022\/10\/Group-74.png?w=1440&amp;ssl=1 1440w, https:\/\/i0.wp.com\/elisen.com\/wp-content\/uploads\/2022\/10\/Group-74.png?resize=300%2C127&amp;ssl=1 300w, https:\/\/i0.wp.com\/elisen.com\/wp-content\/uploads\/2022\/10\/Group-74.png?resize=1024%2C432&amp;ssl=1 1024w, https:\/\/i0.wp.com\/elisen.com\/wp-content\/uploads\/2022\/10\/Group-74.png?resize=768%2C324&amp;ssl=1 768w, https:\/\/i0.wp.com\/elisen.com\/wp-content\/uploads\/2022\/10\/Group-74.png?resize=1200%2C507&amp;ssl=1 1200w, https:\/\/i0.wp.com\/elisen.com\/wp-content\/uploads\/2022\/10\/Group-74.png?resize=120%2C51&amp;ssl=1 120w, https:\/\/i0.wp.com\/elisen.com\/wp-content\/uploads\/2022\/10\/Group-74.png?resize=81%2C34&amp;ssl=1 81w\"><div class=\"container position-relative height-100\"><div class=\"col-md-12 slider-typography text-left xs-text-center\"><div class=\"slider-text-middle-main\"><div class=\"slider-text-middle\"><h2 class=\"alt-font text-extra-dark-gray font-weight-700 letter-spacing-minus-1 line-height-80 margin-35px-bottom md-line-height-auto xs-margin-15px-bottom word-wrap width-85 md-width-800px sm-width-80 xs-width-auto\" style=\"font-weight: 400; color: #ffffff;\">NOUS JOINDRE<\/h2><\/div><\/div><\/div><\/div><\/div><\/div><\/div><\/div><\/div><\/div><\/section><div class=\"vc_row-full-width vc_clearfix\"><\/div><section id=\"start-your-project\" data-vc-full-width=\"true\" data-vc-full-width-init=\"false\" class=\"vc_row wpb_row vc_row-fluid  vc_custom_1668616771726 wow fadeIn pofo-stretch-content pofo-stretch-row-container\"><div class=\"wpb_column vc_column_container vc_col-sm-12  col-xs-mobile-fullwidth pofo-column-responsive-69e4e9c7de0ab\"><div class=\"vc_column-inner \"><div class=\"wpb_wrapper\"><div class=\"vc_row wpb_row vc_inner vc_row-fluid\"><div class=\"wpb_column vc_column_container vc_col-sm-2 vc_col-lg-3 vc_col-md-3 vc_hidden-xs col-xs-mobile-fullwidth\"><div class=\"vc_column-inner \"><div class=\"wpb_wrapper\"><\/div><\/div><\/div><div class=\"wpb_column vc_column_container vc_col-sm-8 vc_col-lg-6 vc_col-md-6 vc_col-xs-12 text-center pofo-column-responsive-69e4e9c7de263\"><div class=\"vc_column-inner vc_custom_1509777164556\"><div class=\"wpb_wrapper\"><h3 class=\"text-extra-dark-gray margin-20px-bottom font-weight-600 display-inline-block alt-font text-capitalize heading-style2  heading-1\"  style=\"font-weight: 300;\"><strong>Prenez contact avec<\/strong> nous<\/h3><div class=\"last-paragraph-no-margin\"><\/div><\/div><\/div><\/div><div class=\"wpb_column vc_column_container vc_col-sm-2 vc_col-lg-3 vc_col-md-3 vc_hidden-xs col-xs-mobile-fullwidth\"><div class=\"vc_column-inner \"><div class=\"wpb_wrapper\"><\/div><\/div><\/div><\/div><div class=\"vc_row wpb_row vc_inner vc_row-fluid\"><div class=\"wpb_column vc_column_container vc_col-sm-12  col-xs-mobile-fullwidth text-center\"><div class=\"vc_column-inner \"><div class=\"wpb_wrapper\">\n<div class=\"wpcf7 no-js\" id=\"wpcf7-f23778-o1\" lang=\"en-US\" dir=\"ltr\" data-wpcf7-id=\"23778\">\n<div class=\"screen-reader-response\"><p role=\"status\" aria-live=\"polite\" aria-atomic=\"true\"><\/p> <ul><\/ul><\/div>\n<form action=\"\/fr\/wp-json\/wp\/v2\/pages\/23371#wpcf7-f23778-o1\" method=\"post\" class=\"wpcf7-form init\" aria-label=\"Contact form\" enctype=\"multipart\/form-data\" novalidate=\"novalidate\" data-status=\"init\">\n<fieldset class=\"hidden-fields-container\"><input type=\"hidden\" name=\"_wpcf7\" value=\"23778\" \/><input type=\"hidden\" name=\"_wpcf7_version\" value=\"6.1.5\" \/><input type=\"hidden\" name=\"_wpcf7_locale\" value=\"en_US\" \/><input type=\"hidden\" name=\"_wpcf7_unit_tag\" value=\"wpcf7-f23778-o1\" \/><input type=\"hidden\" name=\"_wpcf7_container_post\" value=\"0\" \/><input type=\"hidden\" name=\"_wpcf7_posted_data_hash\" value=\"\" \/>\n<\/fieldset>\n<div class=\"col-md-6\">\n\t<p><span class=\"wpcf7-form-control-wrap\" data-name=\"contact-name\"><input size=\"40\" maxlength=\"400\" class=\"wpcf7-form-control wpcf7-text wpcf7-validates-as-required big-input\" aria-required=\"true\" aria-invalid=\"false\" placeholder=\"Nom *\" value=\"\" type=\"text\" name=\"contact-name\" \/><\/span>\n\t<\/p>\n<\/div>\n<div class=\"col-md-6\">\n\t<p><span class=\"wpcf7-form-control-wrap\" data-name=\"contact-phone\"><input size=\"40\" maxlength=\"400\" class=\"wpcf7-form-control wpcf7-text big-input\" aria-invalid=\"false\" placeholder=\"T\u00e9l\u00e9phone\" value=\"\" type=\"text\" name=\"contact-phone\" \/><\/span>\n\t<\/p>\n<\/div>\n<div class=\"col-md-6\">\n\t<p><span class=\"wpcf7-form-control-wrap\" data-name=\"contact-email\"><input size=\"40\" maxlength=\"400\" class=\"wpcf7-form-control wpcf7-email wpcf7-validates-as-required wpcf7-text wpcf7-validates-as-email big-input\" aria-required=\"true\" aria-invalid=\"false\" placeholder=\"Courriel *\" value=\"\" type=\"email\" name=\"contact-email\" \/><\/span>\n\t<\/p>\n<\/div>\n<div class=\"col-md-6\">\n\t<div class=\"select-style big-select\">\n\t\t<p><span class=\"wpcf7-form-control-wrap\" data-name=\"contact-budget\"><select class=\"wpcf7-form-control wpcf7-select bg-transparent no-margin-bottom\" aria-invalid=\"false\" name=\"contact-budget\"><option value=\"Choisissez un d\u00e9partement\">Choisissez un d\u00e9partement<\/option><option value=\"Ressources humaines\">Ressources humaines<\/option><option value=\"Ventes &amp; marketing\">Ventes &amp; marketing<\/option><option value=\"Navigabilit\u00e9\/Certification\">Navigabilit\u00e9\/Certification<\/option><option value=\"Ing\u00e9nierie\">Ing\u00e9nierie<\/option><\/select><\/span>\n\t\t<\/p>\n\t<\/div>\n<\/div>\n<div class=\"col-md-12\" id=\"cvf\">\n\t<p><label style=\"text-align: left; width: 100%;\">T\u00e9l\u00e9chargez votre CV<\/label><br \/>\n<span class=\"wpcf7-form-control-wrap\" data-name=\"file-626\"><input size=\"40\" class=\"wpcf7-form-control wpcf7-file\" accept=\".jpg,.jpeg,.png,.gif,.pdf,.doc,.docx,.ppt,.pptx,.odt,.avi,.ogg,.m4a,.mov,.mp3,.mp4,.mpg,.wav,.wmv,.ai,.eps,.tif\" aria-invalid=\"false\" type=\"file\" name=\"file-626\" \/><\/span>\n\t<\/p>\n<\/div>\n<div class=\"col-md-12\">\n\t<p><span class=\"wpcf7-form-control-wrap\" data-name=\"contact-message\"><textarea cols=\"40\" rows=\"3\" maxlength=\"2000\" class=\"wpcf7-form-control wpcf7-textarea xs-margin-20px-bottom big-textarea\" aria-invalid=\"false\" placeholder=\"Votre message\" name=\"contact-message\"><\/textarea><\/span>\n\t<\/p>\n<\/div>\n<div class=\"col-md-12\">\n\t<p><input class=\"wpcf7-form-control wpcf7-submit has-spinner btn btn-transparent-dark-gray btn-large margin-20px-top\" type=\"submit\" value=\"ENVOYEZ\" \/>\n\t<\/p>\n<\/div><input type=\"hidden\" id=\"ct_checkjs_cf7_45fbc6d3e05ebd93369ce542e8f2322d\" name=\"ct_checkjs_cf7\" value=\"0\" \/><script >setTimeout(function(){var ct_input_name = \"ct_checkjs_cf7_45fbc6d3e05ebd93369ce542e8f2322d\";if (document.getElementById(ct_input_name) !== null) {var ct_input_value = document.getElementById(ct_input_name).value;document.getElementById(ct_input_name).value = document.getElementById(ct_input_name).value.replace(ct_input_value, '30f2598f188ac271d81eb0da2e13d0a12e62c833202e23398997d99cceba8e42');}}, 1000);<\/script><input\n                    class=\"apbct_special_field apbct_email_id__wp_contact_form_7\"\n                    name=\"apbct__email_id__wp_contact_form_7\"\n                    aria-label=\"apbct__label_id__wp_contact_form_7\"\n                    type=\"text\" size=\"30\" maxlength=\"200\" autocomplete=\"off\"\n                    value=\"\"\n                \/><div class=\"wpcf7-response-output\" aria-hidden=\"true\"><\/div>\n<\/form>\n<\/div>\n<\/div><\/div><\/div><\/div><\/div><\/div><\/div><\/section><div class=\"vc_row-full-width vc_clearfix\"><\/div><section class=\"vc_row wpb_row vc_row-fluid\"><div class=\"wpb_column vc_column_container vc_col-sm-4  col-xs-mobile-fullwidth\"><div class=\"vc_column-inner \"><div class=\"wpb_wrapper\"><div class=\"last-paragraph-no-margin\"><p><strong><span style=\"color: #006da1;\"> Si\u00e8ge social d&rsquo;Elisen <\/span><\/strong><br \/>\n<strong>Elisen associ\u00e9s Inc.<\/strong><br \/>\n440 Boul. Armand-Frappier, Suite 200 Laval, QC H7V 4B4 Canada<br \/>\nP : +1 514 636 5454<br \/>\nE : <a href=\"mailto:in**@****en.com\" data-original-string=\"iK0+eRf5mVe6N22Re7V\/ag==031cS++gZ+X3iGndH9tyPCXHA==\" title=\"This contact has been encoded by Anti-Spam by CleanTalk. Click to decode. To finish the decoding make sure that JavaScript is enabled in your browser.\"><span \n                data-original-string='HnXckRcTnODY8yAz8sq\/Qw==031FZEYi2zYCW7Hfc1g6hpbWQ=='\n                class='apbct-email-encoder'\n                title='This contact has been encoded by Anti-Spam by CleanTalk. Click to decode. To finish the decoding make sure that JavaScript is enabled in your browser.'>in<span class=\"apbct-blur\">**<\/span>@<span class=\"apbct-blur\">****<\/span>en.com<\/span><\/a><\/p>\n<\/div>[vc_empty_space height=\u00a0\u00bb20px\u00a0\u00bb]<div class=\"last-paragraph-no-margin\"><p><strong><span style=\"color: #006da1;\">Ventes et marketing<\/span><\/strong><br \/>\n<strong>Taif Rahman ; Co-Pr\u00e9sident<\/strong><br \/>\nP : +1 514 636 5454 ext. 3101<br \/>\nM : +1 514 993 1472<br \/>\nE : <a href=\"mailto:ta*********@****en.com\" data-original-string=\"33fCeEg6q+lp5JSDtcCa\/A==031u7qiX2YmnEn08Vdwvkhgm4WpzaFarh2jQ\/ReS6LkabQ=\" title=\"This contact has been encoded by Anti-Spam by CleanTalk. Click to decode. To finish the decoding make sure that JavaScript is enabled in your browser.\"><span \n                data-original-string='DPWblQ3+paa2gXtIp1XQgA==0314yMvzF2PPWXAhsdHu3OZ2RY5eILpxLZ8CIill92kawI='\n                class='apbct-email-encoder'\n                title='This contact has been encoded by Anti-Spam by CleanTalk. Click to decode. To finish the decoding make sure that JavaScript is enabled in your browser.'>ta<span class=\"apbct-blur\">*********<\/span>@<span class=\"apbct-blur\">****<\/span>en.com<\/span><\/a><\/p>\n<\/div>[vc_empty_space height=\u00a0\u00bb20px\u00a0\u00bb]<div class=\"last-paragraph-no-margin\"><p><strong>Stephan Durand ; Co-Pr\u00e9sident<\/strong><br \/>\nP : +1 514 636 5454 ext. 3102<br \/>\nM : +1 514 995 7032<br \/>\nE : <a href=\"mailto:st************@****en.com\" data-original-string=\"jwyyO4yWrWPJsB52iL1yhQ==031UEahzTyGpy+dKLXMwM1JhB\/+nvSOAlHhtOiL\/JCGn8U=\" title=\"This contact has been encoded by Anti-Spam by CleanTalk. Click to decode. To finish the decoding make sure that JavaScript is enabled in your browser.\"><span \n                data-original-string='nhe9oz9dg2D9Ep\/YkRR8sw==031U3Qb5sUHVE5eIeEUNJjZznP9ftI+iO7Tv7WOPlDb6Tc='\n                class='apbct-email-encoder'\n                title='This contact has been encoded by Anti-Spam by CleanTalk. Click to decode. To finish the decoding make sure that JavaScript is enabled in your browser.'>st<span class=\"apbct-blur\">************<\/span>@<span class=\"apbct-blur\">****<\/span>en.com<\/span><\/a><\/p>\n<\/div>[vc_empty_space height=\u00a0\u00bb20px\u00a0\u00bb]<\/div><\/div><\/div><div class=\"wpb_column vc_column_container vc_col-sm-4  col-xs-mobile-fullwidth\"><div class=\"vc_column-inner \"><div class=\"wpb_wrapper\"><div class=\"last-paragraph-no-margin\"><p><strong><span style=\"color: #006da1;\"> Bureau d&rsquo;Elisen Atlantique<\/span><\/strong><br \/>\n<strong>Elisen associ\u00e9s Inc.<\/strong><br \/>\n103 Ochterloney Street Dartmouth, NS B2Y 1C7 Canada<br \/>\nP : +1 902 449 1055<br \/>\nE : <a href=\"mailto:in**@****en.com\" data-original-string=\"xNGXQI3FeRkl7+5dKOnn4w==031hj4VKNOYvqBqd6qyWY1hng==\" title=\"This contact has been encoded by Anti-Spam by CleanTalk. Click to decode. To finish the decoding make sure that JavaScript is enabled in your browser.\"><span \n                data-original-string='kLRy+YWU5nTs784PwUEguA==031RMhrQnmEJGpzPDvXbVuxVA=='\n                class='apbct-email-encoder'\n                title='This contact has been encoded by Anti-Spam by CleanTalk. Click to decode. To finish the decoding make sure that JavaScript is enabled in your browser.'>in<span class=\"apbct-blur\">**<\/span>@<span class=\"apbct-blur\">****<\/span>en.com<\/span><\/a><\/p>\n<\/div>[vc_empty_space height=\u00a0\u00bb20px\u00a0\u00bb]<div class=\"last-paragraph-no-margin\"><p><strong><span style=\"color: #006da1;\">Certification<\/span><\/strong><br \/>\n<strong>Harris Caplan ; Dir. Certification et Qualit\u00e9<\/strong><br \/>\nP : +1 902 449 1055<br \/>\nM : +1 514 557 0043<br \/>\nE : <a href=\"mailto:ha***********@****en.com\" data-original-string=\"F7uIEKGpbFH1PgedjniAHw==031KVHL96k9LafhtuwmWHmo37MOGMET8E2s0MIbYeNQ8EQ=\" title=\"This contact has been encoded by Anti-Spam by CleanTalk. Click to decode. To finish the decoding make sure that JavaScript is enabled in your browser.\"><span \n                data-original-string='sXPDPgg8OUHw+BLGdCSytQ==031wPdqBHdjwsSelcxHrgz2hQz2dgm7w1q\/8OIyWcmhlDA='\n                class='apbct-email-encoder'\n                title='This contact has been encoded by Anti-Spam by CleanTalk. Click to decode. To finish the decoding make sure that JavaScript is enabled in your browser.'>ha<span class=\"apbct-blur\">***********<\/span>@<span class=\"apbct-blur\">****<\/span>en.com<\/span><\/a><\/p>\n<\/div>[vc_empty_space height=\u00a0\u00bb20px\u00a0\u00bb]<\/div><\/div><\/div><div class=\"wpb_column vc_column_container vc_col-sm-4  col-xs-mobile-fullwidth\"><div class=\"vc_column-inner \"><div class=\"wpb_wrapper\"><div class=\"last-paragraph-no-margin\"><p><strong><span style=\"color: #006da1;\">Ing\u00e9nierie<\/span><\/strong><br \/>\n<strong>Tony Smith ; Dir. Livraison d&rsquo;Ing\u00e9nierie<\/strong><br \/>\nP : +1 514 636 5454 ext. 3103<br \/>\nM : +1 514 910 2474<br \/>\nE : <a href=\"mailto:to********@****en.com\" data-original-string=\"TbTL+aaiywYZV0CztgYbhg==0319P6sHAj2BX6yZ\/6DZf6FVN+amriZ5r3fSdDHWRAcFEs=\" title=\"This contact has been encoded by Anti-Spam by CleanTalk. Click to decode. To finish the decoding make sure that JavaScript is enabled in your browser.\"><span \n                data-original-string='nx8mibQBozX2ermb86kP\/w==031IYZaTPJS\/\/ZwSmgvMBWks3sZYA2T9YuMiY1DIiLywfk='\n                class='apbct-email-encoder'\n                title='This contact has been encoded by Anti-Spam by CleanTalk. Click to decode. To finish the decoding make sure that JavaScript is enabled in your browser.'>to<span class=\"apbct-blur\">********<\/span>@<span class=\"apbct-blur\">****<\/span>en.com<\/span><\/a><\/p>\n<\/div>[vc_empty_space height=\u00a0\u00bb20px\u00a0\u00bb]<\/div><\/div><\/div><\/section>\n<\/div>","protected":false},"excerpt":{"rendered":"NOUS JOINDREPrenez contact avec nous Choisissez un d\u00e9partementRessources humainesVentes &amp; marketingNavigabilit\u00e9\/CertificationIng\u00e9nierie T\u00e9l\u00e9chargez votre CV Si\u00e8ge social d'Elisen Elisen associ\u00e9s Inc. 440 Boul. Armand-Frappier, Suite 200 Laval, QC H7V 4B4 Canada P : +1 514 636 5454 E : info@elisen.com [vc_empty_space height=\"20px\"]Ventes et marketing Taif Rahman ; Co-Pr\u00e9sident P : +1 514 636 5454 ext. 3101 M : +1 514 993 1472 E : taif.rahman@elisen.com [vc_empty_space height=\"20px\"]Stephan Durand ; Co-Pr\u00e9sident P : +1 514 636 5454 ext. 3102 M : +1 514 995 7032 E : stephan.durand@elisen.com [vc_empty_space height=\"20px\"] Bureau d'Elisen Atlantique Elisen associ\u00e9s Inc. 103 Ochterloney Street Dartmouth, NS B2Y 1C7 Canada P : +1 902 449 1055 E : info@elisen.com [vc_empty_space height=\"20px\"]Certification Harris Caplan ; Dir. Certification et Qualit\u00e9 P : +1 902 449 1055 M : +1 514 557 0043 E : harris.caplan@elisen.com [vc_empty_space height=\"20px\"]Ing\u00e9nierie Tony Smith ; Dir. Livraison d'Ing\u00e9nierie P : +1 514 636 5454 ext. 3103 M : +1 514 910 2474 E : tony.smith@elisen.com [vc_empty_space height=\"20px\"]","protected":false},"author":1,"featured_media":0,"parent":0,"menu_order":0,"comment_status":"closed","ping_status":"closed","template":"","meta":{"footnotes":""},"class_list":["post-23371","page","type-page","status-publish","hentry"],"yoast_head":"<!-- This site is optimized with the Yoast SEO plugin v27.4 - https:\/\/yoast.com\/product\/yoast-seo-wordpress\/ -->\n<title>Contact - Elisen &amp; associ\u00e9s Inc.<\/title>\n<meta name=\"robots\" content=\"index, follow, max-snippet:-1, max-image-preview:large, max-video-preview:-1\" \/>\n<link rel=\"canonical\" href=\"https:\/\/elisen.com\/fr\/contact\/\" \/>\n<meta property=\"og:locale\" content=\"fr_FR\" \/>\n<meta property=\"og:type\" content=\"article\" \/>\n<meta property=\"og:title\" content=\"Contact - Elisen &amp; associ\u00e9s Inc.\" \/>\n<meta property=\"og:url\" content=\"https:\/\/elisen.com\/fr\/contact\/\" \/>\n<meta property=\"og:site_name\" content=\"Elisen &amp; associ\u00e9s Inc.\" \/>\n<meta property=\"article:publisher\" content=\"https:\/\/www.facebook.com\/elisen.aerospace\" \/>\n<meta property=\"article:modified_time\" content=\"2025-02-12T03:56:21+00:00\" \/>\n<meta name=\"twitter:card\" content=\"summary_large_image\" \/>\n<meta name=\"twitter:label1\" content=\"Dur\u00e9e de lecture estim\u00e9e\" \/>\n\t<meta name=\"twitter:data1\" content=\"1 minute\" \/>\n<script type=\"application\/ld+json\" class=\"yoast-schema-graph\">{\"@context\":\"https:\\\/\\\/schema.org\",\"@graph\":[{\"@type\":\"WebPage\",\"@id\":\"https:\\\/\\\/elisen.com\\\/fr\\\/contact\\\/\",\"url\":\"https:\\\/\\\/elisen.com\\\/fr\\\/contact\\\/\",\"name\":\"Contact - Elisen &amp; associ\u00e9s Inc.\",\"isPartOf\":{\"@id\":\"https:\\\/\\\/elisen.com\\\/fr\\\/#website\"},\"datePublished\":\"2022-10-20T03:03:56+00:00\",\"dateModified\":\"2025-02-12T03:56:21+00:00\",\"breadcrumb\":{\"@id\":\"https:\\\/\\\/elisen.com\\\/fr\\\/contact\\\/#breadcrumb\"},\"inLanguage\":\"fr-FR\",\"potentialAction\":[{\"@type\":\"ReadAction\",\"target\":[\"https:\\\/\\\/elisen.com\\\/fr\\\/contact\\\/\"]}]},{\"@type\":\"BreadcrumbList\",\"@id\":\"https:\\\/\\\/elisen.com\\\/fr\\\/contact\\\/#breadcrumb\",\"itemListElement\":[{\"@type\":\"ListItem\",\"position\":1,\"name\":\"Home\",\"item\":\"https:\\\/\\\/elisen.com\\\/fr\\\/\"},{\"@type\":\"ListItem\",\"position\":2,\"name\":\"Contact\"}]},{\"@type\":\"WebSite\",\"@id\":\"https:\\\/\\\/elisen.com\\\/fr\\\/#website\",\"url\":\"https:\\\/\\\/elisen.com\\\/fr\\\/\",\"name\":\"Elisen\",\"description\":\"Elisen &amp; associ\u00e9s Inc.\",\"publisher\":{\"@id\":\"https:\\\/\\\/elisen.com\\\/fr\\\/#organization\"},\"potentialAction\":[{\"@type\":\"SearchAction\",\"target\":{\"@type\":\"EntryPoint\",\"urlTemplate\":\"https:\\\/\\\/elisen.com\\\/fr\\\/?s={search_term_string}\"},\"query-input\":{\"@type\":\"PropertyValueSpecification\",\"valueRequired\":true,\"valueName\":\"search_term_string\"}}],\"inLanguage\":\"fr-FR\"},{\"@type\":\"Organization\",\"@id\":\"https:\\\/\\\/elisen.com\\\/fr\\\/#organization\",\"name\":\"Elisen & associ\u00e9s Inc.\",\"url\":\"https:\\\/\\\/elisen.com\\\/fr\\\/\",\"logo\":{\"@type\":\"ImageObject\",\"inLanguage\":\"fr-FR\",\"@id\":\"https:\\\/\\\/elisen.com\\\/fr\\\/#\\\/schema\\\/logo\\\/image\\\/\",\"url\":\"https:\\\/\\\/elisen.com\\\/wp-content\\\/uploads\\\/2022\\\/10\\\/Elisen-logo-1-1.png\",\"contentUrl\":\"https:\\\/\\\/elisen.com\\\/wp-content\\\/uploads\\\/2022\\\/10\\\/Elisen-logo-1-1.png\",\"width\":172,\"height\":69,\"caption\":\"Elisen & associ\u00e9s Inc.\"},\"image\":{\"@id\":\"https:\\\/\\\/elisen.com\\\/fr\\\/#\\\/schema\\\/logo\\\/image\\\/\"},\"sameAs\":[\"https:\\\/\\\/www.facebook.com\\\/elisen.aerospace\",\"https:\\\/\\\/www.linkedin.com\\\/company\\\/elisen\\\/\"]}]}<\/script>\n<!-- \/ Yoast SEO plugin. -->","yoast_head_json":{"title":"Contact - Elisen &amp; associ\u00e9s Inc.","robots":{"index":"index","follow":"follow","max-snippet":"max-snippet:-1","max-image-preview":"max-image-preview:large","max-video-preview":"max-video-preview:-1"},"canonical":"https:\/\/elisen.com\/fr\/contact\/","og_locale":"fr_FR","og_type":"article","og_title":"Contact - Elisen &amp; associ\u00e9s Inc.","og_url":"https:\/\/elisen.com\/fr\/contact\/","og_site_name":"Elisen &amp; associ\u00e9s Inc.","article_publisher":"https:\/\/www.facebook.com\/elisen.aerospace","article_modified_time":"2025-02-12T03:56:21+00:00","twitter_card":"summary_large_image","twitter_misc":{"Dur\u00e9e de lecture estim\u00e9e":"1 minute"},"schema":{"@context":"https:\/\/schema.org","@graph":[{"@type":"WebPage","@id":"https:\/\/elisen.com\/fr\/contact\/","url":"https:\/\/elisen.com\/fr\/contact\/","name":"Contact - Elisen &amp; associ\u00e9s Inc.","isPartOf":{"@id":"https:\/\/elisen.com\/fr\/#website"},"datePublished":"2022-10-20T03:03:56+00:00","dateModified":"2025-02-12T03:56:21+00:00","breadcrumb":{"@id":"https:\/\/elisen.com\/fr\/contact\/#breadcrumb"},"inLanguage":"fr-FR","potentialAction":[{"@type":"ReadAction","target":["https:\/\/elisen.com\/fr\/contact\/"]}]},{"@type":"BreadcrumbList","@id":"https:\/\/elisen.com\/fr\/contact\/#breadcrumb","itemListElement":[{"@type":"ListItem","position":1,"name":"Home","item":"https:\/\/elisen.com\/fr\/"},{"@type":"ListItem","position":2,"name":"Contact"}]},{"@type":"WebSite","@id":"https:\/\/elisen.com\/fr\/#website","url":"https:\/\/elisen.com\/fr\/","name":"Elisen","description":"Elisen &amp; associ\u00e9s Inc.","publisher":{"@id":"https:\/\/elisen.com\/fr\/#organization"},"potentialAction":[{"@type":"SearchAction","target":{"@type":"EntryPoint","urlTemplate":"https:\/\/elisen.com\/fr\/?s={search_term_string}"},"query-input":{"@type":"PropertyValueSpecification","valueRequired":true,"valueName":"search_term_string"}}],"inLanguage":"fr-FR"},{"@type":"Organization","@id":"https:\/\/elisen.com\/fr\/#organization","name":"Elisen & associ\u00e9s Inc.","url":"https:\/\/elisen.com\/fr\/","logo":{"@type":"ImageObject","inLanguage":"fr-FR","@id":"https:\/\/elisen.com\/fr\/#\/schema\/logo\/image\/","url":"https:\/\/elisen.com\/wp-content\/uploads\/2022\/10\/Elisen-logo-1-1.png","contentUrl":"https:\/\/elisen.com\/wp-content\/uploads\/2022\/10\/Elisen-logo-1-1.png","width":172,"height":69,"caption":"Elisen & associ\u00e9s Inc."},"image":{"@id":"https:\/\/elisen.com\/fr\/#\/schema\/logo\/image\/"},"sameAs":["https:\/\/www.facebook.com\/elisen.aerospace","https:\/\/www.linkedin.com\/company\/elisen\/"]}]}},"jetpack_sharing_enabled":true,"_links":{"self":[{"href":"https:\/\/elisen.com\/fr\/wp-json\/wp\/v2\/pages\/23371","targetHints":{"allow":["GET"]}}],"collection":[{"href":"https:\/\/elisen.com\/fr\/wp-json\/wp\/v2\/pages"}],"about":[{"href":"https:\/\/elisen.com\/fr\/wp-json\/wp\/v2\/types\/page"}],"author":[{"embeddable":true,"href":"https:\/\/elisen.com\/fr\/wp-json\/wp\/v2\/users\/1"}],"replies":[{"embeddable":true,"href":"https:\/\/elisen.com\/fr\/wp-json\/wp\/v2\/comments?post=23371"}],"version-history":[{"count":2,"href":"https:\/\/elisen.com\/fr\/wp-json\/wp\/v2\/pages\/23371\/revisions"}],"predecessor-version":[{"id":23779,"href":"https:\/\/elisen.com\/fr\/wp-json\/wp\/v2\/pages\/23371\/revisions\/23779"}],"wp:attachment":[{"href":"https:\/\/elisen.com\/fr\/wp-json\/wp\/v2\/media?parent=23371"}],"curies":[{"name":"wp","href":"https:\/\/api.w.org\/{rel}","templated":true}]}}